{"id":3,"date":"2024-08-28T12:05:53","date_gmt":"2024-08-28T12:05:53","guid":{"rendered":"https:\/\/revolutionsoft.shop\/?page_id=3"},"modified":"2024-12-22T13:31:48","modified_gmt":"2024-12-22T13:31:48","slug":"politica-de-privacidad","status":"publish","type":"page","link":"https:\/\/nb-consulting.pro\/en\/politica-de-privacidad\/","title":{"rendered":"Privacy policy"},"content":{"rendered":"<section id=\"content\">\r\n<p data-pm-slice=\"1 1 []\">Nicolas Borovich is committed to ensuring that your privacy is protected. This privacy policy explains how we use the personal information we collect through our website and other digital channels, in compliance with the General Regulation of Data Protection (RGPD) (EU 2016\/679) and the Organic Act 3\/2018, on Personal Data Protection and guarantee of digital rights (LOPDGDD).<\/p>\r\n<h4 class=\"wp-block-heading\">Responsible for the Data Processing<\/h4>\r\n<ul>\r\n<li><strong>Responsible<\/strong>: Nicolas Borovich<\/li>\r\n<li><strong>NIF<\/strong>: Y9254463J<\/li>\r\n<li><strong>Registered address<\/strong>: Carretera de Canillas 27, 2C, Madrid, 28043<\/li>\r\n<li><strong>E-mail<\/strong>: <a href=\"mailto:nicolasborovich@gmail.com\">nicolasborovich@gmail.com<\/a><\/li>\r\n<\/ul>\r\n<h4>What information we collect<\/h4>\r\n<p>We may collect the following personal information:<\/p>\r\n<ul>\r\n<li>Name and surname<\/li>\r\n<li>Contact information including email address and phone number<\/li>\r\n<li>Demographic information such as postcode, preferences and interests<\/li>\r\n<li>Technical information such as IP address, browser type, and browsing data (cookies)<\/li>\r\n<\/ul>\r\n<h4>Purpose of the Data Processing<\/h4>\r\n<p>We collect this information to provide better services and, in particular, for the following reasons:<\/p>\r\n<ul>\r\n<li><strong>Management consultations<\/strong>: To respond to questions, requests, or provide information.<\/li>\r\n<li><strong>Improvement of our products and services<\/strong>: We use the data for internal analysis.<\/li>\r\n<li><strong>Commercial communications<\/strong>: With your express consent, we may send you promotional information about products, services or events that we believe may be of interest to you.<\/li>\r\n<li><strong>Compliance with legal obligations.<\/strong>: When necessary, we will process your data in order to comply with our legal obligations.<\/li>\r\n<\/ul>\r\n<h4>Legitimation for the Treatment of the Data<\/h4>\r\n<p>The legal basis for the processing of your data is the <strong>explicit consent<\/strong> provided by you when you accept this privacy policy and by providing us with your personal information.<\/p>\r\n<h4>Rights of Users<\/h4>\r\n<p>As a holder of personal data, you have the right to:<\/p>\r\n<ul>\r\n<li><strong>Access<\/strong> your personal data.<\/li>\r\n<li><strong>Rectify<\/strong> any incorrect or incomplete.<\/li>\r\n<li><strong>To request the deletion<\/strong> of your data when no longer needed for the purposes for which they were collected.<\/li>\r\n<li><strong>Limit the treatment<\/strong> your data under certain circumstances.<\/li>\r\n<li><strong>Oppose<\/strong> the processing of your data for marketing purposes.<\/li>\r\n<li><strong>Strip<\/strong> their data to another responsible when technically possible.<\/li>\r\n<\/ul>\r\n<p>You can exercise these rights by sending an e-mail to\u00a0<a href=\"mailto:nicolasborovich@gmail.com\">nicolasborovich@gmail.com <\/a>or by mail at our address listed above. In all cases, you must include a copy of your identity document to verify your identity.<\/p>\r\n<h4>Security of Data<\/h4>\r\n<p data-pm-slice=\"1 1 []\">Nicolas Borovich is committed to ensuring that your information is secure. To prevent unauthorized access or disclosure of your personal data, we have security measures in place physical, electronic, and administrative action.<\/p>\r\n<h4>Use of Cookies<\/h4>\r\n<p>Our website uses cookies to collect technical information and enhance your user experience. For more details on how we use the cookies, please refer to our <strong>Cookie policy<\/strong>.<\/p>\r\n<h4>Retention of Data<\/h4>\r\n<p>Your personal data will be kept as long as there is a business relationship or until you request its suppression by the interested party, provided in compliance with the time limits set by the regulations in force.<\/p>\r\n<h4>Changes in the Privacy Policy<\/h4>\r\n<p data-pm-slice=\"1 1 []\">Nicolas Borovich reserves the right to modify this privacy policy at any time. Any change will be communicated through this website.<\/p>\r\n<h4>Contact<\/h4>\r\n<p>If you have any questions about this privacy policy or about how we handle your personal data, you can contact with us through <a href=\"mailto:nicolasborovich@gmail.com\">nicolasborovich@gmail.com<\/a><\/p>\r\n<\/section>","protected":false},"excerpt":{"rendered":"<p>Nicolas Borovich se compromete a garantizar que su privacidad est\u00e9 protegida. Esta pol\u00edtica de privacidad explica c\u00f3mo usamos la informaci\u00f3n personal que recopilamos a trav\u00e9s de nuestro sitio web y otros canales digitales, en cumplimiento con el Reglamento General de Protecci\u00f3n de Datos (RGPD) (UE 2016\/679) y la Ley Org\u00e1nica 3\/2018, de Protecci\u00f3n de Datos&hellip;&nbsp;<a href=\"https:\/\/nb-consulting.pro\/en\/politica-de-privacidad\/\" rel=\"bookmark\"><span class=\"screen-reader-text\">Privacy policy<\/span><\/a><\/p>","protected":false},"author":1,"featured_media":0,"parent":0,"menu_order":0,"comment_status":"closed","ping_status":"open","template":"","meta":{"neve_meta_sidebar":"","neve_meta_container":"","neve_meta_enable_content_width":"off","neve_meta_content_width":100,"neve_meta_title_alignment":"","neve_meta_author_avatar":"","neve_post_elements_order":"","neve_meta_disable_header":"","neve_meta_disable_footer":"","neve_meta_disable_title":"","footnotes":""},"class_list":["post-3","page","type-page","status-publish","hentry"],"yoast_head":"<!-- This site is optimized with the Yoast SEO plugin v27.2 - https:\/\/yoast.com\/product\/yoast-seo-wordpress\/ -->\n<title>Pol\u00edtica de Privacidad - NB Consulting<\/title>\n<meta name=\"robots\" content=\"index, follow, max-snippet:-1, max-image-preview:large, max-video-preview:-1\" \/>\n<link rel=\"canonical\" href=\"https:\/\/nb-consulting.pro\/en\/politica-de-privacidad\/\" \/>\n<meta property=\"og:locale\" content=\"en_GB\" \/>\n<meta property=\"og:type\" content=\"article\" \/>\n<meta property=\"og:title\" content=\"Pol\u00edtica de Privacidad - NB Consulting\" \/>\n<meta property=\"og:description\" content=\"Nicolas Borovich se compromete a garantizar que su privacidad est\u00e9 protegida. Esta pol\u00edtica de privacidad explica c\u00f3mo usamos la informaci\u00f3n personal que recopilamos a trav\u00e9s de nuestro sitio web y otros canales digitales, en cumplimiento con el Reglamento General de Protecci\u00f3n de Datos (RGPD) (UE 2016\/679) y la Ley Org\u00e1nica 3\/2018, de Protecci\u00f3n de Datos&hellip;&nbsp;Pol\u00edtica de Privacidad\" \/>\n<meta property=\"og:url\" content=\"https:\/\/nb-consulting.pro\/en\/politica-de-privacidad\/\" \/>\n<meta property=\"og:site_name\" content=\"NB Consulting\" \/>\n<meta property=\"article:modified_time\" content=\"2024-12-22T13:31:48+00:00\" \/>\n<meta name=\"twitter:card\" content=\"summary_large_image\" \/>\n<meta name=\"twitter:label1\" content=\"Estimated reading time\" \/>\n\t<meta name=\"twitter:data1\" content=\"3 minutes\" \/>\n<script type=\"application\/ld+json\" class=\"yoast-schema-graph\">{\"@context\":\"https:\/\/schema.org\",\"@graph\":[{\"@type\":\"WebPage\",\"@id\":\"https:\/\/nb-consulting.pro\/politica-de-privacidad\/\",\"url\":\"https:\/\/nb-consulting.pro\/politica-de-privacidad\/\",\"name\":\"Pol\u00edtica de Privacidad - NB Consulting\",\"isPartOf\":{\"@id\":\"https:\/\/nb-consulting.pro\/#website\"},\"datePublished\":\"2024-08-28T12:05:53+00:00\",\"dateModified\":\"2024-12-22T13:31:48+00:00\",\"breadcrumb\":{\"@id\":\"https:\/\/nb-consulting.pro\/politica-de-privacidad\/#breadcrumb\"},\"inLanguage\":\"en-GB\",\"potentialAction\":[{\"@type\":\"ReadAction\",\"target\":[\"https:\/\/nb-consulting.pro\/politica-de-privacidad\/\"]}]},{\"@type\":\"BreadcrumbList\",\"@id\":\"https:\/\/nb-consulting.pro\/politica-de-privacidad\/#breadcrumb\",\"itemListElement\":[{\"@type\":\"ListItem\",\"position\":1,\"name\":\"Portada\",\"item\":\"https:\/\/nb-consulting.pro\/\"},{\"@type\":\"ListItem\",\"position\":2,\"name\":\"Pol\u00edtica de Privacidad\"}]},{\"@type\":\"WebSite\",\"@id\":\"https:\/\/nb-consulting.pro\/#website\",\"url\":\"https:\/\/nb-consulting.pro\/\",\"name\":\"NB Consulting\",\"description\":\"Consultor&iacute;a especializada en navegaci&oacute;n a&eacute;rea y formaci&oacute;n profesional en gesti&oacute;n del tr&aacute;fico a&eacute;reo (ATM). Ofrecemos soluciones personalizadas para mejorar la eficiencia, seguridad y sostenibilidad en ANSPs, aeropuertos y aerol&iacute;neas.\",\"potentialAction\":[{\"@type\":\"SearchAction\",\"target\":{\"@type\":\"EntryPoint\",\"urlTemplate\":\"https:\/\/nb-consulting.pro\/?s={search_term_string}\"},\"query-input\":{\"@type\":\"PropertyValueSpecification\",\"valueRequired\":true,\"valueName\":\"search_term_string\"}}],\"inLanguage\":\"en-GB\"}]}<\/script>\n<!-- \/ Yoast SEO plugin. -->","yoast_head_json":{"title":"Pol\u00edtica de Privacidad - NB Consulting","robots":{"index":"index","follow":"follow","max-snippet":"max-snippet:-1","max-image-preview":"max-image-preview:large","max-video-preview":"max-video-preview:-1"},"canonical":"https:\/\/nb-consulting.pro\/en\/politica-de-privacidad\/","og_locale":"en_GB","og_type":"article","og_title":"Pol\u00edtica de Privacidad - NB Consulting","og_description":"Nicolas Borovich se compromete a garantizar que su privacidad est\u00e9 protegida. Esta pol\u00edtica de privacidad explica c\u00f3mo usamos la informaci\u00f3n personal que recopilamos a trav\u00e9s de nuestro sitio web y otros canales digitales, en cumplimiento con el Reglamento General de Protecci\u00f3n de Datos (RGPD) (UE 2016\/679) y la Ley Org\u00e1nica 3\/2018, de Protecci\u00f3n de Datos&hellip;&nbsp;Pol\u00edtica de Privacidad","og_url":"https:\/\/nb-consulting.pro\/en\/politica-de-privacidad\/","og_site_name":"NB Consulting","article_modified_time":"2024-12-22T13:31:48+00:00","twitter_card":"summary_large_image","twitter_misc":{"Estimated reading time":"3 minutes"},"schema":{"@context":"https:\/\/schema.org","@graph":[{"@type":"WebPage","@id":"https:\/\/nb-consulting.pro\/politica-de-privacidad\/","url":"https:\/\/nb-consulting.pro\/politica-de-privacidad\/","name":"Pol\u00edtica de Privacidad - NB Consulting","isPartOf":{"@id":"https:\/\/nb-consulting.pro\/#website"},"datePublished":"2024-08-28T12:05:53+00:00","dateModified":"2024-12-22T13:31:48+00:00","breadcrumb":{"@id":"https:\/\/nb-consulting.pro\/politica-de-privacidad\/#breadcrumb"},"inLanguage":"en-GB","potentialAction":[{"@type":"ReadAction","target":["https:\/\/nb-consulting.pro\/politica-de-privacidad\/"]}]},{"@type":"BreadcrumbList","@id":"https:\/\/nb-consulting.pro\/politica-de-privacidad\/#breadcrumb","itemListElement":[{"@type":"ListItem","position":1,"name":"Portada","item":"https:\/\/nb-consulting.pro\/"},{"@type":"ListItem","position":2,"name":"Pol\u00edtica de Privacidad"}]},{"@type":"WebSite","@id":"https:\/\/nb-consulting.pro\/#website","url":"https:\/\/nb-consulting.pro\/","name":"NB Consulting","description":"Consultor&iacute;a especializada en navegaci&oacute;n a&eacute;rea y formaci&oacute;n profesional en gesti&oacute;n del tr&aacute;fico a&eacute;reo (ATM). Ofrecemos soluciones personalizadas para mejorar la eficiencia, seguridad y sostenibilidad en ANSPs, aeropuertos y aerol&iacute;neas.","potentialAction":[{"@type":"SearchAction","target":{"@type":"EntryPoint","urlTemplate":"https:\/\/nb-consulting.pro\/?s={search_term_string}"},"query-input":{"@type":"PropertyValueSpecification","valueRequired":true,"valueName":"search_term_string"}}],"inLanguage":"en-GB"}]}},"_links":{"self":[{"href":"https:\/\/nb-consulting.pro\/en\/wp-json\/wp\/v2\/pages\/3","targetHints":{"allow":["GET"]}}],"collection":[{"href":"https:\/\/nb-consulting.pro\/en\/wp-json\/wp\/v2\/pages"}],"about":[{"href":"https:\/\/nb-consulting.pro\/en\/wp-json\/wp\/v2\/types\/page"}],"author":[{"embeddable":true,"href":"https:\/\/nb-consulting.pro\/en\/wp-json\/wp\/v2\/users\/1"}],"replies":[{"embeddable":true,"href":"https:\/\/nb-consulting.pro\/en\/wp-json\/wp\/v2\/comments?post=3"}],"version-history":[{"count":5,"href":"https:\/\/nb-consulting.pro\/en\/wp-json\/wp\/v2\/pages\/3\/revisions"}],"predecessor-version":[{"id":417,"href":"https:\/\/nb-consulting.pro\/en\/wp-json\/wp\/v2\/pages\/3\/revisions\/417"}],"wp:attachment":[{"href":"https:\/\/nb-consulting.pro\/en\/wp-json\/wp\/v2\/media?parent=3"}],"curies":[{"name":"wp","href":"https:\/\/api.w.org\/{rel}","templated":true}]}}