{"id":216,"date":"2024-12-11T12:29:14","date_gmt":"2024-12-11T12:29:14","guid":{"rendered":"https:\/\/nb-consulting.pro\/?page_id=216"},"modified":"2025-01-15T10:39:14","modified_gmt":"2025-01-15T10:39:14","slug":"blog","status":"publish","type":"page","link":"https:\/\/nb-consulting.pro\/en\/blog\/","title":{"rendered":"Blog"},"content":{"rendered":"<div data-elementor-type=\"wp-page\" data-elementor-id=\"216\" class=\"elementor elementor-216\" data-elementor-post-type=\"page\">\n\t\t\t\t\t\t<section class=\"elementor-section elementor-top-section elementor-element elementor-element-530c336b elementor-section-height-min-height elementor-section-boxed elementor-section-height-default elementor-section-items-middle\" data-id=\"530c336b\" data-element_type=\"section\" data-e-type=\"section\" data-settings=\"{&quot;background_background&quot;:&quot;classic&quot;}\">\n\t\t\t\t\t\t\t<div class=\"elementor-background-overlay\"><\/div>\n\t\t\t\t\t\t\t<div class=\"elementor-container elementor-column-gap-no\">\n\t\t\t\t\t<div class=\"elementor-column elementor-col-100 elementor-top-column elementor-element elementor-element-37d79883 elementor-invisible\" data-id=\"37d79883\" data-element_type=\"column\" data-e-type=\"column\" data-settings=\"{&quot;animation&quot;:&quot;fadeIn&quot;}\">\n\t\t\t<div class=\"elementor-widget-wrap elementor-element-populated\">\n\t\t\t\t\t\t\t<\/div>\n\t\t<\/div>\n\t\t\t\t\t<\/div>\n\t\t<\/section>\n\t\t<div class=\"elementor-element elementor-element-442275d e-flex e-con-boxed e-con e-parent\" data-id=\"442275d\" data-element_type=\"container\" data-e-type=\"container\">\n\t\t\t\t\t<div class=\"e-con-inner\">\n\t\t\t\t<div class=\"elementor-element elementor-element-3fe39c9 elementor-grid-3 elementor-grid-tablet-2 elementor-grid-mobile-1 elementor-posts--thumbnail-top elementor-card-shadow-yes elementor-posts__hover-gradient elementor-widget elementor-widget-posts\" data-id=\"3fe39c9\" data-element_type=\"widget\" data-e-type=\"widget\" data-settings=\"{&quot;pagination_type&quot;:&quot;prev_next&quot;,&quot;cards_columns&quot;:&quot;3&quot;,&quot;cards_columns_tablet&quot;:&quot;2&quot;,&quot;cards_columns_mobile&quot;:&quot;1&quot;,&quot;cards_row_gap&quot;:{&quot;unit&quot;:&quot;px&quot;,&quot;size&quot;:35,&quot;sizes&quot;:[]},&quot;cards_row_gap_tablet&quot;:{&quot;unit&quot;:&quot;px&quot;,&quot;size&quot;:&quot;&quot;,&quot;sizes&quot;:[]},&quot;cards_row_gap_mobile&quot;:{&quot;unit&quot;:&quot;px&quot;,&quot;size&quot;:&quot;&quot;,&quot;sizes&quot;:[]}}\" data-widget_type=\"posts.cards\">\n\t\t\t\t<div class=\"elementor-widget-container\">\n\t\t\t\t\t\t\t<div class=\"elementor-posts-container elementor-posts elementor-posts--skin-cards elementor-grid\" role=\"list\">\n\t\t\t\t<article class=\"elementor-post elementor-grid-item post-228 post type-post status-publish format-standard has-post-thumbnail hentry category-uncategorized\" role=\"listitem\">\n\t\t\t<div class=\"elementor-post__card\">\n\t\t\t\t<a class=\"elementor-post__thumbnail__link\" href=\"https:\/\/nb-consulting.pro\/en\/la-importancia-de-la-optimizacion-en-la-gestion-del-trafico-aereo\/\" tabindex=\"-1\" ><div class=\"elementor-post__thumbnail\"><img fetchpriority=\"high\" decoding=\"async\" width=\"2000\" height=\"1130\" src=\"https:\/\/nb-consulting.pro\/wp-content\/uploads\/2024\/12\/aeropuerto-puerta-terminal-embarque_1232-2995.jpg\" class=\"attachment-full size-full wp-image-161\" alt=\"\" srcset=\"https:\/\/nb-consulting.pro\/wp-content\/uploads\/2024\/12\/aeropuerto-puerta-terminal-embarque_1232-2995.jpg 2000w, https:\/\/nb-consulting.pro\/wp-content\/uploads\/2024\/12\/aeropuerto-puerta-terminal-embarque_1232-2995-300x170.jpg 300w, https:\/\/nb-consulting.pro\/wp-content\/uploads\/2024\/12\/aeropuerto-puerta-terminal-embarque_1232-2995-1024x579.jpg 1024w, https:\/\/nb-consulting.pro\/wp-content\/uploads\/2024\/12\/aeropuerto-puerta-terminal-embarque_1232-2995-768x434.jpg 768w, https:\/\/nb-consulting.pro\/wp-content\/uploads\/2024\/12\/aeropuerto-puerta-terminal-embarque_1232-2995-1536x868.jpg 1536w\" sizes=\"(max-width: 2000px) 100vw, 2000px\" \/><\/div><\/a>\n\t\t\t\t<div class=\"elementor-post__text\">\n\t\t\t\t<h3 class=\"elementor-post__title\">\n\t\t\t<a href=\"https:\/\/nb-consulting.pro\/en\/la-importancia-de-la-optimizacion-en-la-gestion-del-trafico-aereo\/\" >\n\t\t\t\tThe importance of optimization in the management of air traffic\t\t\t<\/a>\n\t\t<\/h3>\n\t\t\t\t<div class=\"elementor-post__excerpt\">\n\t\t\t<p>Introduction: The air traffic management (ATM) is one of the most critical functions in the aviation moderna. With the constant growth of air traffic<\/p>\n\t\t<\/div>\n\t\t\t\t<\/div>\n\t\t\t\t\t<\/div>\n\t\t<\/article>\n\t\t\t\t<\/div>\n\t\t\n\t\t\t\t\t\t<\/div>\n\t\t\t\t<\/div>\n\t\t\t\t\t<\/div>\n\t\t\t\t<\/div>\n\t\t\t\t<\/div>","protected":false},"excerpt":{"rendered":"","protected":false},"author":1,"featured_media":0,"parent":0,"menu_order":0,"comment_status":"closed","ping_status":"closed","template":"page-templates\/template-pagebuilder-full-width.php","meta":{"neve_meta_sidebar":"","neve_meta_container":"","neve_meta_enable_content_width":"off","neve_meta_content_width":100,"neve_meta_title_alignment":"","neve_meta_author_avatar":"","neve_post_elements_order":"","neve_meta_disable_header":"","neve_meta_disable_footer":"","neve_meta_disable_title":"","footnotes":""},"class_list":["post-216","page","type-page","status-publish","hentry"],"yoast_head":"<!-- This site is optimized with the Yoast SEO plugin v27.2 - https:\/\/yoast.com\/product\/yoast-seo-wordpress\/ -->\n<title>Blog | NB Consulting: Innovaci\u00f3n en Navegaci\u00f3n A\u00e9rea<\/title>\n<meta name=\"description\" content=\"Explora art\u00edculos sobre navegaci\u00f3n a\u00e9rea, tr\u00e1fico a\u00e9reo y tendencias del sector aeron\u00e1utico. Innovaci\u00f3n y conocimientos clave. \u00a1Vis\u00edtanos!\" \/>\n<meta name=\"robots\" content=\"index, follow, max-snippet:-1, max-image-preview:large, max-video-preview:-1\" \/>\n<link rel=\"canonical\" href=\"https:\/\/nb-consulting.pro\/en\/blog\/\" \/>\n<meta property=\"og:locale\" content=\"en_GB\" \/>\n<meta property=\"og:type\" content=\"article\" \/>\n<meta property=\"og:title\" content=\"Blog | NB Consulting: Innovaci\u00f3n en Navegaci\u00f3n A\u00e9rea\" \/>\n<meta property=\"og:description\" content=\"Explora art\u00edculos sobre navegaci\u00f3n a\u00e9rea, tr\u00e1fico a\u00e9reo y tendencias del sector aeron\u00e1utico. Innovaci\u00f3n y conocimientos clave. \u00a1Vis\u00edtanos!\" \/>\n<meta property=\"og:url\" content=\"https:\/\/nb-consulting.pro\/en\/blog\/\" \/>\n<meta property=\"og:site_name\" content=\"NB Consulting\" \/>\n<meta property=\"article:modified_time\" content=\"2025-01-15T10:39:14+00:00\" \/>\n<meta name=\"twitter:card\" content=\"summary_large_image\" \/>\n<script type=\"application\/ld+json\" class=\"yoast-schema-graph\">{\"@context\":\"https:\/\/schema.org\",\"@graph\":[{\"@type\":\"WebPage\",\"@id\":\"https:\/\/nb-consulting.pro\/blog\/\",\"url\":\"https:\/\/nb-consulting.pro\/blog\/\",\"name\":\"Blog | NB Consulting: Innovaci\u00f3n en Navegaci\u00f3n A\u00e9rea\",\"isPartOf\":{\"@id\":\"https:\/\/nb-consulting.pro\/#website\"},\"datePublished\":\"2024-12-11T12:29:14+00:00\",\"dateModified\":\"2025-01-15T10:39:14+00:00\",\"description\":\"Explora art\u00edculos sobre navegaci\u00f3n a\u00e9rea, tr\u00e1fico a\u00e9reo y tendencias del sector aeron\u00e1utico. Innovaci\u00f3n y conocimientos clave. \u00a1Vis\u00edtanos!\",\"breadcrumb\":{\"@id\":\"https:\/\/nb-consulting.pro\/blog\/#breadcrumb\"},\"inLanguage\":\"en-GB\",\"potentialAction\":[{\"@type\":\"ReadAction\",\"target\":[\"https:\/\/nb-consulting.pro\/blog\/\"]}]},{\"@type\":\"BreadcrumbList\",\"@id\":\"https:\/\/nb-consulting.pro\/blog\/#breadcrumb\",\"itemListElement\":[{\"@type\":\"ListItem\",\"position\":1,\"name\":\"Portada\",\"item\":\"https:\/\/nb-consulting.pro\/\"},{\"@type\":\"ListItem\",\"position\":2,\"name\":\"Blog\"}]},{\"@type\":\"WebSite\",\"@id\":\"https:\/\/nb-consulting.pro\/#website\",\"url\":\"https:\/\/nb-consulting.pro\/\",\"name\":\"NB Consulting\",\"description\":\"Consultor&iacute;a especializada en navegaci&oacute;n a&eacute;rea y formaci&oacute;n profesional en gesti&oacute;n del tr&aacute;fico a&eacute;reo (ATM). Ofrecemos soluciones personalizadas para mejorar la eficiencia, seguridad y sostenibilidad en ANSPs, aeropuertos y aerol&iacute;neas.\",\"potentialAction\":[{\"@type\":\"SearchAction\",\"target\":{\"@type\":\"EntryPoint\",\"urlTemplate\":\"https:\/\/nb-consulting.pro\/?s={search_term_string}\"},\"query-input\":{\"@type\":\"PropertyValueSpecification\",\"valueRequired\":true,\"valueName\":\"search_term_string\"}}],\"inLanguage\":\"en-GB\"}]}<\/script>\n<!-- \/ Yoast SEO plugin. -->","yoast_head_json":{"title":"Blog | NB Consulting: Innovaci\u00f3n en Navegaci\u00f3n A\u00e9rea","description":"Explora art\u00edculos sobre navegaci\u00f3n a\u00e9rea, tr\u00e1fico a\u00e9reo y tendencias del sector aeron\u00e1utico. Innovaci\u00f3n y conocimientos clave. \u00a1Vis\u00edtanos!","robots":{"index":"index","follow":"follow","max-snippet":"max-snippet:-1","max-image-preview":"max-image-preview:large","max-video-preview":"max-video-preview:-1"},"canonical":"https:\/\/nb-consulting.pro\/en\/blog\/","og_locale":"en_GB","og_type":"article","og_title":"Blog | NB Consulting: Innovaci\u00f3n en Navegaci\u00f3n A\u00e9rea","og_description":"Explora art\u00edculos sobre navegaci\u00f3n a\u00e9rea, tr\u00e1fico a\u00e9reo y tendencias del sector aeron\u00e1utico. Innovaci\u00f3n y conocimientos clave. \u00a1Vis\u00edtanos!","og_url":"https:\/\/nb-consulting.pro\/en\/blog\/","og_site_name":"NB Consulting","article_modified_time":"2025-01-15T10:39:14+00:00","twitter_card":"summary_large_image","schema":{"@context":"https:\/\/schema.org","@graph":[{"@type":"WebPage","@id":"https:\/\/nb-consulting.pro\/blog\/","url":"https:\/\/nb-consulting.pro\/blog\/","name":"Blog | NB Consulting: Innovaci\u00f3n en Navegaci\u00f3n A\u00e9rea","isPartOf":{"@id":"https:\/\/nb-consulting.pro\/#website"},"datePublished":"2024-12-11T12:29:14+00:00","dateModified":"2025-01-15T10:39:14+00:00","description":"Explora art\u00edculos sobre navegaci\u00f3n a\u00e9rea, tr\u00e1fico a\u00e9reo y tendencias del sector aeron\u00e1utico. Innovaci\u00f3n y conocimientos clave. \u00a1Vis\u00edtanos!","breadcrumb":{"@id":"https:\/\/nb-consulting.pro\/blog\/#breadcrumb"},"inLanguage":"en-GB","potentialAction":[{"@type":"ReadAction","target":["https:\/\/nb-consulting.pro\/blog\/"]}]},{"@type":"BreadcrumbList","@id":"https:\/\/nb-consulting.pro\/blog\/#breadcrumb","itemListElement":[{"@type":"ListItem","position":1,"name":"Portada","item":"https:\/\/nb-consulting.pro\/"},{"@type":"ListItem","position":2,"name":"Blog"}]},{"@type":"WebSite","@id":"https:\/\/nb-consulting.pro\/#website","url":"https:\/\/nb-consulting.pro\/","name":"NB Consulting","description":"Consultor&iacute;a especializada en navegaci&oacute;n a&eacute;rea y formaci&oacute;n profesional en gesti&oacute;n del tr&aacute;fico a&eacute;reo (ATM). Ofrecemos soluciones personalizadas para mejorar la eficiencia, seguridad y sostenibilidad en ANSPs, aeropuertos y aerol&iacute;neas.","potentialAction":[{"@type":"SearchAction","target":{"@type":"EntryPoint","urlTemplate":"https:\/\/nb-consulting.pro\/?s={search_term_string}"},"query-input":{"@type":"PropertyValueSpecification","valueRequired":true,"valueName":"search_term_string"}}],"inLanguage":"en-GB"}]}},"_links":{"self":[{"href":"https:\/\/nb-consulting.pro\/en\/wp-json\/wp\/v2\/pages\/216","targetHints":{"allow":["GET"]}}],"collection":[{"href":"https:\/\/nb-consulting.pro\/en\/wp-json\/wp\/v2\/pages"}],"about":[{"href":"https:\/\/nb-consulting.pro\/en\/wp-json\/wp\/v2\/types\/page"}],"author":[{"embeddable":true,"href":"https:\/\/nb-consulting.pro\/en\/wp-json\/wp\/v2\/users\/1"}],"replies":[{"embeddable":true,"href":"https:\/\/nb-consulting.pro\/en\/wp-json\/wp\/v2\/comments?post=216"}],"version-history":[{"count":16,"href":"https:\/\/nb-consulting.pro\/en\/wp-json\/wp\/v2\/pages\/216\/revisions"}],"predecessor-version":[{"id":245,"href":"https:\/\/nb-consulting.pro\/en\/wp-json\/wp\/v2\/pages\/216\/revisions\/245"}],"wp:attachment":[{"href":"https:\/\/nb-consulting.pro\/en\/wp-json\/wp\/v2\/media?parent=216"}],"curies":[{"name":"wp","href":"https:\/\/api.w.org\/{rel}","templated":true}]}}