{"id":10,"date":"2024-08-29T11:27:31","date_gmt":"2024-08-29T11:27:31","guid":{"rendered":"https:\/\/revolutionsoft.shop\/?page_id=10"},"modified":"2024-12-22T13:26:49","modified_gmt":"2024-12-22T13:26:49","slug":"aviso-legal","status":"publish","type":"page","link":"https:\/\/nb-consulting.pro\/en\/aviso-legal\/","title":{"rendered":"Legal Notice"},"content":{"rendered":"<p>In compliance with the provisions of Law 34\/2002, of 11 July, on Services of the Information Society and Electronic Commerce (LSSI-CE), we inform you of the following legal aspects of this website:<\/p>\n<h4>Ownership of Website<\/h4>\n<ul>\n<li><strong>Social reason<\/strong>: Nicolas Borovich<\/li>\n<li><strong>CIF<\/strong>: <span style=\"text-decoration: underline;\"><em>B55399273<\/em><\/span><\/li>\n<li><strong>Address tax and social<\/strong>: Carretera de Canillas 27, 2C, Madrid, 28043<\/li>\n<li><strong>E-mail<\/strong>: <a href=\"mailto:nicolasborovich@gmail.com\">nicolasborovich@gmail.com<\/a><\/li>\n<\/ul>\n<h4>Terms of use<\/h4>\n<p>Access to and use of the web site of Nicolas Borovich attributes the condition of user and implies the full and unreserved acceptance of each and every one of the provisions included in this Legal Notice in the version published by Nicolas Borovich at the same moment that the user accesses the website.<\/p>\n<h4>Intellectual and Industrial property<\/h4>\n<p>All contents on the website, which is understood, but not limited to, text, photographs, graphics, images, icons, technology, software, and other audiovisual or sound content, as well as its graphic design and source codes are the intellectual property of Nicolas Borovich, without being transferred to the user none of the exploitation rights over them beyond what is strictly necessary for the correct use of the website.<\/p>\n<h4>Data protection<\/h4>\n<p>Nicolas Borovich complies with the current regulations on data protection, and ensures the correct management of the personal data that may be collected through the contact forms on the website, in accordance with the provisions of Regulation (EU) 2016\/679 (General Regulation on Data Protection).<\/p>\n<h4>Liability for Contents<\/h4>\n<p>Nicolas Borovich is not responsible for the legality of other third party websites from which you accessed this website. Not be liable for the legality of other third party websites that may be linked to or linked from this web site.<\/p>\n<h4>Applicable legislation and Jurisdiction<\/h4>\n<p>The relationship between Nicolas Borovich and the user shall be governed by current Spanish regulations and any controversy will be submitted to the Courts and Tribunals of the city of Madrid, unless the applicable law provides otherwise.<\/p>\n<hr \/>\n<p>For more information or any doubt about this Legal Notice, please contact us via e-mail: <a href=\"mailto:nicolasborovich@gmail.com\">nicolasborovich@gmail.com<\/a><\/p>\n<p>&nbsp;<\/p>","protected":false},"excerpt":{"rendered":"<p>En cumplimiento con lo dispuesto en la Ley 34\/2002, de 11 de julio, de Servicios de la Sociedad de la Informaci\u00f3n y de Comercio Electr\u00f3nico (LSSI-CE), se informa de los siguientes aspectos legales de este sitio web: Titularidad del Sitio Web Raz\u00f3n social: Nicolas Borovich CIF: B55399273 Domicilio fiscal y social: Carretera de Canillas 27,&hellip;&nbsp;<a href=\"https:\/\/nb-consulting.pro\/en\/aviso-legal\/\" rel=\"bookmark\"><span class=\"screen-reader-text\">Legal Notice<\/span><\/a><\/p>","protected":false},"author":1,"featured_media":0,"parent":0,"menu_order":0,"comment_status":"closed","ping_status":"closed","template":"","meta":{"neve_meta_sidebar":"","neve_meta_container":"","neve_meta_enable_content_width":"off","neve_meta_content_width":100,"neve_meta_title_alignment":"","neve_meta_author_avatar":"","neve_post_elements_order":"","neve_meta_disable_header":"","neve_meta_disable_footer":"","neve_meta_disable_title":"","footnotes":""},"class_list":["post-10","page","type-page","status-publish","hentry"],"yoast_head":"<!-- This site is optimized with the Yoast SEO plugin v27.2 - https:\/\/yoast.com\/product\/yoast-seo-wordpress\/ -->\n<title>Aviso Legal - NB Consulting<\/title>\n<meta name=\"robots\" content=\"index, follow, max-snippet:-1, max-image-preview:large, max-video-preview:-1\" \/>\n<link rel=\"canonical\" href=\"https:\/\/nb-consulting.pro\/en\/aviso-legal\/\" \/>\n<meta property=\"og:locale\" content=\"en_GB\" \/>\n<meta property=\"og:type\" content=\"article\" \/>\n<meta property=\"og:title\" content=\"Aviso Legal - NB Consulting\" \/>\n<meta property=\"og:description\" content=\"En cumplimiento con lo dispuesto en la Ley 34\/2002, de 11 de julio, de Servicios de la Sociedad de la Informaci\u00f3n y de Comercio Electr\u00f3nico (LSSI-CE), se informa de los siguientes aspectos legales de este sitio web: Titularidad del Sitio Web Raz\u00f3n social: Nicolas Borovich CIF: B55399273 Domicilio fiscal y social: Carretera de Canillas 27,&hellip;&nbsp;Aviso Legal\" \/>\n<meta property=\"og:url\" content=\"https:\/\/nb-consulting.pro\/en\/aviso-legal\/\" \/>\n<meta property=\"og:site_name\" content=\"NB Consulting\" \/>\n<meta property=\"article:modified_time\" content=\"2024-12-22T13:26:49+00:00\" \/>\n<meta name=\"twitter:card\" content=\"summary_large_image\" \/>\n<meta name=\"twitter:label1\" content=\"Estimated reading time\" \/>\n\t<meta name=\"twitter:data1\" content=\"2 minutes\" \/>\n<script type=\"application\/ld+json\" class=\"yoast-schema-graph\">{\"@context\":\"https:\/\/schema.org\",\"@graph\":[{\"@type\":\"WebPage\",\"@id\":\"https:\/\/nb-consulting.pro\/aviso-legal\/\",\"url\":\"https:\/\/nb-consulting.pro\/aviso-legal\/\",\"name\":\"Aviso Legal - NB Consulting\",\"isPartOf\":{\"@id\":\"https:\/\/nb-consulting.pro\/#website\"},\"datePublished\":\"2024-08-29T11:27:31+00:00\",\"dateModified\":\"2024-12-22T13:26:49+00:00\",\"breadcrumb\":{\"@id\":\"https:\/\/nb-consulting.pro\/aviso-legal\/#breadcrumb\"},\"inLanguage\":\"en-GB\",\"potentialAction\":[{\"@type\":\"ReadAction\",\"target\":[\"https:\/\/nb-consulting.pro\/aviso-legal\/\"]}]},{\"@type\":\"BreadcrumbList\",\"@id\":\"https:\/\/nb-consulting.pro\/aviso-legal\/#breadcrumb\",\"itemListElement\":[{\"@type\":\"ListItem\",\"position\":1,\"name\":\"Portada\",\"item\":\"https:\/\/nb-consulting.pro\/\"},{\"@type\":\"ListItem\",\"position\":2,\"name\":\"Aviso Legal\"}]},{\"@type\":\"WebSite\",\"@id\":\"https:\/\/nb-consulting.pro\/#website\",\"url\":\"https:\/\/nb-consulting.pro\/\",\"name\":\"NB Consulting\",\"description\":\"Consultor&iacute;a especializada en navegaci&oacute;n a&eacute;rea y formaci&oacute;n profesional en gesti&oacute;n del tr&aacute;fico a&eacute;reo (ATM). Ofrecemos soluciones personalizadas para mejorar la eficiencia, seguridad y sostenibilidad en ANSPs, aeropuertos y aerol&iacute;neas.\",\"potentialAction\":[{\"@type\":\"SearchAction\",\"target\":{\"@type\":\"EntryPoint\",\"urlTemplate\":\"https:\/\/nb-consulting.pro\/?s={search_term_string}\"},\"query-input\":{\"@type\":\"PropertyValueSpecification\",\"valueRequired\":true,\"valueName\":\"search_term_string\"}}],\"inLanguage\":\"en-GB\"}]}<\/script>\n<!-- \/ Yoast SEO plugin. -->","yoast_head_json":{"title":"Aviso Legal - NB Consulting","robots":{"index":"index","follow":"follow","max-snippet":"max-snippet:-1","max-image-preview":"max-image-preview:large","max-video-preview":"max-video-preview:-1"},"canonical":"https:\/\/nb-consulting.pro\/en\/aviso-legal\/","og_locale":"en_GB","og_type":"article","og_title":"Aviso Legal - NB Consulting","og_description":"En cumplimiento con lo dispuesto en la Ley 34\/2002, de 11 de julio, de Servicios de la Sociedad de la Informaci\u00f3n y de Comercio Electr\u00f3nico (LSSI-CE), se informa de los siguientes aspectos legales de este sitio web: Titularidad del Sitio Web Raz\u00f3n social: Nicolas Borovich CIF: B55399273 Domicilio fiscal y social: Carretera de Canillas 27,&hellip;&nbsp;Aviso Legal","og_url":"https:\/\/nb-consulting.pro\/en\/aviso-legal\/","og_site_name":"NB Consulting","article_modified_time":"2024-12-22T13:26:49+00:00","twitter_card":"summary_large_image","twitter_misc":{"Estimated reading time":"2 minutes"},"schema":{"@context":"https:\/\/schema.org","@graph":[{"@type":"WebPage","@id":"https:\/\/nb-consulting.pro\/aviso-legal\/","url":"https:\/\/nb-consulting.pro\/aviso-legal\/","name":"Aviso Legal - NB Consulting","isPartOf":{"@id":"https:\/\/nb-consulting.pro\/#website"},"datePublished":"2024-08-29T11:27:31+00:00","dateModified":"2024-12-22T13:26:49+00:00","breadcrumb":{"@id":"https:\/\/nb-consulting.pro\/aviso-legal\/#breadcrumb"},"inLanguage":"en-GB","potentialAction":[{"@type":"ReadAction","target":["https:\/\/nb-consulting.pro\/aviso-legal\/"]}]},{"@type":"BreadcrumbList","@id":"https:\/\/nb-consulting.pro\/aviso-legal\/#breadcrumb","itemListElement":[{"@type":"ListItem","position":1,"name":"Portada","item":"https:\/\/nb-consulting.pro\/"},{"@type":"ListItem","position":2,"name":"Aviso Legal"}]},{"@type":"WebSite","@id":"https:\/\/nb-consulting.pro\/#website","url":"https:\/\/nb-consulting.pro\/","name":"NB Consulting","description":"Consultor&iacute;a especializada en navegaci&oacute;n a&eacute;rea y formaci&oacute;n profesional en gesti&oacute;n del tr&aacute;fico a&eacute;reo (ATM). Ofrecemos soluciones personalizadas para mejorar la eficiencia, seguridad y sostenibilidad en ANSPs, aeropuertos y aerol&iacute;neas.","potentialAction":[{"@type":"SearchAction","target":{"@type":"EntryPoint","urlTemplate":"https:\/\/nb-consulting.pro\/?s={search_term_string}"},"query-input":{"@type":"PropertyValueSpecification","valueRequired":true,"valueName":"search_term_string"}}],"inLanguage":"en-GB"}]}},"_links":{"self":[{"href":"https:\/\/nb-consulting.pro\/en\/wp-json\/wp\/v2\/pages\/10","targetHints":{"allow":["GET"]}}],"collection":[{"href":"https:\/\/nb-consulting.pro\/en\/wp-json\/wp\/v2\/pages"}],"about":[{"href":"https:\/\/nb-consulting.pro\/en\/wp-json\/wp\/v2\/types\/page"}],"author":[{"embeddable":true,"href":"https:\/\/nb-consulting.pro\/en\/wp-json\/wp\/v2\/users\/1"}],"replies":[{"embeddable":true,"href":"https:\/\/nb-consulting.pro\/en\/wp-json\/wp\/v2\/comments?post=10"}],"version-history":[{"count":4,"href":"https:\/\/nb-consulting.pro\/en\/wp-json\/wp\/v2\/pages\/10\/revisions"}],"predecessor-version":[{"id":415,"href":"https:\/\/nb-consulting.pro\/en\/wp-json\/wp\/v2\/pages\/10\/revisions\/415"}],"wp:attachment":[{"href":"https:\/\/nb-consulting.pro\/en\/wp-json\/wp\/v2\/media?parent=10"}],"curies":[{"name":"wp","href":"https:\/\/api.w.org\/{rel}","templated":true}]}}